{"id":20489,"date":"2025-01-30T13:34:11","date_gmt":"2025-01-30T13:34:11","guid":{"rendered":"https:\/\/finland-places.com\/sv\/?page_id=20489"},"modified":"2025-01-30T13:34:11","modified_gmt":"2025-01-30T13:34:11","slug":"about","status":"publish","type":"page","link":"https:\/\/finland-places.com\/sv\/about\/","title":{"rendered":"Om oss"},"content":{"rendered":"<div class=\"fusion-fullwidth fullwidth-box fusion-builder-row-1 fusion-flex-container has-pattern-background has-mask-background nonhundred-percent-fullwidth non-hundred-percent-height-scrolling\" style=\"background-color: rgba(255,255,255,0);background-position: center center;background-repeat: no-repeat;border-width: 0px 0px 0px 0px;border-color:#eae9e9;border-style:solid;\" ><div class=\"fusion-builder-row fusion-row fusion-flex-align-items-flex-start fusion-flex-justify-content-center\" style=\"max-width:1352px;margin-left: calc(-4% \/ 2 );margin-right: calc(-4% \/ 2 );\"><div class=\"fusion-layout-column fusion_builder_column fusion-builder-column-0 fusion_builder_column_4_5 4_5 fusion-flex-column\"><div class=\"fusion-column-wrapper fusion-flex-justify-content-center fusion-content-layout-row\" style=\"background-position:left top;background-repeat:no-repeat;-webkit-background-size:cover;-moz-background-size:cover;-o-background-size:cover;background-size:cover;padding: 0px 0px 0px 0px;\"><div class=\"fusion-text fusion-text-1\"><p>V\u00e4lkommen till &#8220;Finland Places&#8221; webbplats, en ledande online-resurs som samlar ett brett utbud av restauranger fr\u00e5n hela landet. Denna plattform skapades f\u00f6r att st\u00f6dja och fr\u00e4mja den livliga mat- och hotellbranschen i Finland.<\/p>\n<p>Med denna sida vill vi ge bes\u00f6kare enkel \u00e5tkomst till de b\u00e4sta restaurangerna i Finland. F\u00f6r f\u00f6retags\u00e4gare fungerar den som ett kraftfullt extra marknadsf\u00f6ringsverktyg f\u00f6r att locka fler kunder och v\u00e4xa sina verksamheter.<\/p>\n<p>Finland har ett rikt och m\u00e5ngsidigt kulinariskt landskap, d\u00e4r du kan uppleva ett brett utbud av lokala delikatesser samt influenser fr\u00e5n v\u00e4rldens k\u00f6k. I livliga st\u00e4der som Helsingfors, \u00c5bo och Tammerfors hittar du restauranger som serverar allt fr\u00e5n traditionella finska r\u00e4tter till internationella smaker fr\u00e5n Indien, Mellan\u00f6stern, Kina och \u00e4ven v\u00e4sterl\u00e4ndska k\u00f6k.<\/p>\n<p>V\u00e5r guide uppdateras regelbundet med nya listor, vilket s\u00e4kerst\u00e4ller att du har den mest aktuella och precisa informationen. Vi str\u00e4var efter att vara din p\u00e5litliga k\u00e4lla f\u00f6r att uppt\u00e4cka nya matst\u00e4llen, och vi \u00e4r engagerade i att hj\u00e4lpa dig skapa varma, v\u00e4lkomnande och minnesv\u00e4rda upplevelser b\u00e5de hemma och i dina mat\u00e4ventyr.<\/p>\n<\/div><\/div><style type=\"text\/css\">.fusion-body .fusion-builder-column-0{width:80% !important;margin-top : 0px;margin-bottom : 0px;}.fusion-builder-column-0 > .fusion-column-wrapper {padding-top : 0px !important;padding-right : 0px !important;margin-right : 2.4%;padding-bottom : 0px !important;padding-left : 0px !important;margin-left : 2.4%;}@media only screen and (max-width:1024px) {.fusion-body .fusion-builder-column-0{width:100% !important;order : 0;}.fusion-builder-column-0 > .fusion-column-wrapper {margin-right : 1.92%;margin-left : 1.92%;}}@media only screen and (max-width:640px) {.fusion-body .fusion-builder-column-0{width:100% !important;order : 0;}.fusion-builder-column-0 > .fusion-column-wrapper {margin-right : 1.92%;margin-left : 1.92%;}}<\/style><\/div><\/div><style type=\"text\/css\">.fusion-body .fusion-flex-container.fusion-builder-row-1{ padding-top : 0px;margin-top : 0px;padding-right : 0px;padding-bottom : 0px;margin-bottom : 0px;padding-left : 0px;}<\/style><\/div>\n","protected":false},"excerpt":{"rendered":"","protected":false},"author":1,"featured_media":0,"parent":0,"menu_order":0,"comment_status":"closed","ping_status":"closed","template":"100-width.php","meta":{"_acf_changed":false,"footnotes":""},"class_list":["post-20489","page","type-page","status-publish","hentry"],"acf":[],"_links":{"self":[{"href":"https:\/\/finland-places.com\/sv\/wp-json\/wp\/v2\/pages\/20489","targetHints":{"allow":["GET"]}}],"collection":[{"href":"https:\/\/finland-places.com\/sv\/wp-json\/wp\/v2\/pages"}],"about":[{"href":"https:\/\/finland-places.com\/sv\/wp-json\/wp\/v2\/types\/page"}],"author":[{"embeddable":true,"href":"https:\/\/finland-places.com\/sv\/wp-json\/wp\/v2\/users\/1"}],"replies":[{"embeddable":true,"href":"https:\/\/finland-places.com\/sv\/wp-json\/wp\/v2\/comments?post=20489"}],"version-history":[{"count":3,"href":"https:\/\/finland-places.com\/sv\/wp-json\/wp\/v2\/pages\/20489\/revisions"}],"predecessor-version":[{"id":20492,"href":"https:\/\/finland-places.com\/sv\/wp-json\/wp\/v2\/pages\/20489\/revisions\/20492"}],"wp:attachment":[{"href":"https:\/\/finland-places.com\/sv\/wp-json\/wp\/v2\/media?parent=20489"}],"curies":[{"name":"wp","href":"https:\/\/api.w.org\/{rel}","templated":true}]}}